{"id":261,"date":"2026-03-21T15:25:03","date_gmt":"2026-03-21T15:25:03","guid":{"rendered":"https:\/\/barjal.com\/?page_id=261"},"modified":"2026-05-02T22:09:54","modified_gmt":"2026-05-02T22:09:54","slug":"blog","status":"publish","type":"page","link":"https:\/\/barjal.com\/en\/blog\/","title":{"rendered":"Blog"},"content":{"rendered":"<div data-elementor-type=\"wp-page\" data-elementor-id=\"261\" class=\"elementor elementor-261\" data-elementor-post-type=\"page\">\n\t\t\t\t<div class=\"elementor-element elementor-element-7cea44c wd-section-stretch e-con-full e-flex e-con e-parent\" data-id=\"7cea44c\" data-element_type=\"container\" data-e-type=\"container\" data-settings=\"{&quot;background_background&quot;:&quot;classic&quot;}\">\n\t\t<div class=\"elementor-element elementor-element-a747505 e-con-full e-flex e-con e-child\" data-id=\"a747505\" data-element_type=\"container\" data-e-type=\"container\">\n\t\t\t\t<div class=\"elementor-element elementor-element-1c0e5d7 wd-width-100 elementor-widget elementor-widget-wd_title\" data-id=\"1c0e5d7\" data-element_type=\"widget\" data-e-type=\"widget\" data-widget_type=\"wd_title.default\">\n\t\t\t\t<div class=\"elementor-widget-container\">\n\t\t\t\t\t\t\t<div class=\"title-wrapper wd-set-mb reset-last-child wd-title-color-default wd-title-style-default wd-title-size-default text-left\">\n\n\t\t\t\n\t\t\t<div class=\"liner-continer\">\n\t\t\t\t<h1 class=\"woodmart-title-container title wd-fontsize-l\">Blog<\/h1> \n\t\t\t\t\t\t\t<\/div>\n\n\t\t\t\t\t\t\t<div class=\"title-after_title reset-last-child wd-fontsize-xs\">\n\t\t\t\t\tD\u00e9couvrez nos actualit\u00e9s, conseils et r\u00e9alisations autour de la construction, de l\u2019architecture et du design-build. \u00c0 travers ce blog, nous partageons notre expertise, nos projets et notre vision d\u2019un b\u00e2timent moderne, fonctionnel et durable.\t\t\t\t<\/div>\n\t\t\t\t\t<\/div>\n\t\t\t\t\t\t<\/div>\n\t\t\t\t<\/div>\n\t\t\t\t<div class=\"elementor-element elementor-element-3311237 elementor-widget elementor-widget-button\" data-id=\"3311237\" data-element_type=\"widget\" data-e-type=\"widget\" data-widget_type=\"button.default\">\n\t\t\t\t\t\t\t\t\t\t<a class=\"elementor-button elementor-button-link elementor-size-sm\" href=\"\/en\/contact\/\">\n\t\t\t\t\t\t<span class=\"elementor-button-content-wrapper\">\n\t\t\t\t\t\t\t\t\t<span class=\"elementor-button-text\">Get your project started<\/span>\n\t\t\t\t\t<\/span>\n\t\t\t\t\t<\/a>\n\t\t\t\t\t\t\t\t<\/div>\n\t\t\t\t<\/div>\n\t\t\t\t<\/div>\n\t\t<div class=\"elementor-element elementor-element-4332704 wd-section-stretch e-flex e-con-boxed e-con e-parent\" data-id=\"4332704\" data-element_type=\"container\" data-e-type=\"container\">\n\t\t\t\t\t<div class=\"e-con-inner\">\n\t\t<div class=\"elementor-element elementor-element-3e5e5e6 e-con-full e-flex e-con e-child\" data-id=\"3e5e5e6\" data-element_type=\"container\" data-e-type=\"container\">\n\t\t\t\t<div class=\"elementor-element elementor-element-c654b6a elementor-widget elementor-widget-image\" data-id=\"c654b6a\" data-element_type=\"widget\" data-e-type=\"widget\" data-widget_type=\"image.default\">\n\t\t\t\t\t\t\t\t\t\t\t\t\t\t\t<img loading=\"lazy\" decoding=\"async\" width=\"1600\" height=\"1116\" src=\"https:\/\/barjal.com\/wp-content\/uploads\/2026\/03\/cabinet.webp\" class=\"attachment-full size-full wp-image-10558\" alt=\"\" srcset=\"https:\/\/barjal.com\/wp-content\/uploads\/2026\/03\/cabinet.webp 1600w, https:\/\/barjal.com\/wp-content\/uploads\/2026\/03\/cabinet-300x209.webp 300w, https:\/\/barjal.com\/wp-content\/uploads\/2026\/03\/cabinet-1024x714.webp 1024w, https:\/\/barjal.com\/wp-content\/uploads\/2026\/03\/cabinet-768x536.webp 768w, https:\/\/barjal.com\/wp-content\/uploads\/2026\/03\/cabinet-1536x1071.webp 1536w\" sizes=\"auto, (max-width: 1600px) 100vw, 1600px\" title=\"\">\t\t\t\t\t\t\t\t\t\t\t\t\t\t\t<\/div>\n\t\t\t\t<div class=\"elementor-element elementor-element-68620c1 wd-width-100 elementor-widget elementor-widget-wd_title\" data-id=\"68620c1\" data-element_type=\"widget\" data-e-type=\"widget\" data-widget_type=\"wd_title.default\">\n\t\t\t\t<div class=\"elementor-widget-container\">\n\t\t\t\t\t\t\t<div class=\"title-wrapper wd-set-mb reset-last-child wd-title-color-default wd-title-style-default wd-title-size-default text-left\">\n\n\t\t\t\n\t\t\t<div class=\"liner-continer\">\n\t\t\t\t<h3 class=\"woodmart-title-container title wd-fontsize-l\">Accessibilit\u00e9 universelle dans les \u00e9tablissements de sant\u00e9 : optimiser l\u2019exp\u00e9rience de tous<\/h3> \n\t\t\t\t\t\t\t<\/div>\n\n\t\t\t\t\t\t\t<div class=\"title-after_title reset-last-child wd-fontsize-xs\">\n\t\t\t\t\tLes \u00e9tablissements de sant\u00e9 \u2014 h\u00f4pitaux, cliniques, centres de r\u00e9\u00e9ducation ou cabinets m\u00e9dicaux \u2014 jouent un r\u00f4le central dans la vie des...\t\t\t\t<\/div>\n\t\t\t\t\t<\/div>\n\t\t\t\t\t\t<\/div>\n\t\t\t\t<\/div>\n\t\t\t\t<div class=\"elementor-element elementor-element-7ed88fe elementor-widget elementor-widget-button\" data-id=\"7ed88fe\" data-element_type=\"widget\" data-e-type=\"widget\" data-widget_type=\"button.default\">\n\t\t\t\t\t\t\t\t\t\t<a class=\"elementor-button elementor-button-link elementor-size-sm\" href=\"\/en\/accessibilite-universelle-sante-maroc\/\">\n\t\t\t\t\t\t<span class=\"elementor-button-content-wrapper\">\n\t\t\t\t\t\t\t\t\t<span class=\"elementor-button-text\">Lire la suite<\/span>\n\t\t\t\t\t<\/span>\n\t\t\t\t\t<\/a>\n\t\t\t\t\t\t\t\t<\/div>\n\t\t\t\t<\/div>\n\t\t<div class=\"elementor-element elementor-element-74a6a70 e-con-full e-flex e-con e-child\" data-id=\"74a6a70\" data-element_type=\"container\" data-e-type=\"container\">\n\t\t<div class=\"elementor-element elementor-element-b164eb0 e-con-full e-flex e-con e-child\" data-id=\"b164eb0\" data-element_type=\"container\" data-e-type=\"container\">\n\t\t<div class=\"elementor-element elementor-element-b9a8e05 e-con-full e-flex e-con e-child\" data-id=\"b9a8e05\" data-element_type=\"container\" data-e-type=\"container\">\n\t\t\t\t<div class=\"elementor-element elementor-element-80c4480 elementor-widget elementor-widget-image\" data-id=\"80c4480\" data-element_type=\"widget\" data-e-type=\"widget\" data-widget_type=\"image.default\">\n\t\t\t\t\t\t\t\t\t\t\t\t\t\t\t<img loading=\"lazy\" decoding=\"async\" width=\"1280\" height=\"960\" src=\"https:\/\/barjal.com\/wp-content\/uploads\/2026\/03\/149aed3a-b83a-4fad-93d5-88f69dc8c210-2.webp\" class=\"attachment-full size-full wp-image-10633\" alt=\"\" srcset=\"https:\/\/barjal.com\/wp-content\/uploads\/2026\/03\/149aed3a-b83a-4fad-93d5-88f69dc8c210-2.webp 1280w, https:\/\/barjal.com\/wp-content\/uploads\/2026\/03\/149aed3a-b83a-4fad-93d5-88f69dc8c210-2-300x225.webp 300w, https:\/\/barjal.com\/wp-content\/uploads\/2026\/03\/149aed3a-b83a-4fad-93d5-88f69dc8c210-2-1024x768.webp 1024w, https:\/\/barjal.com\/wp-content\/uploads\/2026\/03\/149aed3a-b83a-4fad-93d5-88f69dc8c210-2-768x576.webp 768w\" sizes=\"auto, (max-width: 1280px) 100vw, 1280px\" title=\"\">\t\t\t\t\t\t\t\t\t\t\t\t\t\t\t<\/div>\n\t\t\t\t<div class=\"elementor-element elementor-element-dc9c5e5 wd-width-100 elementor-widget elementor-widget-wd_title\" data-id=\"dc9c5e5\" data-element_type=\"widget\" data-e-type=\"widget\" data-widget_type=\"wd_title.default\">\n\t\t\t\t<div class=\"elementor-widget-container\">\n\t\t\t\t\t\t\t<div class=\"title-wrapper wd-set-mb reset-last-child wd-title-color-default wd-title-style-default wd-title-size-default text-left\">\n\n\t\t\t\n\t\t\t<div class=\"liner-continer\">\n\t\t\t\t<h3 class=\"woodmart-title-container title wd-fontsize-l\">10 erreurs \u00e0 \u00e9viter lors d\u2019un projet d\u2019am\u00e9nagement de bureau<\/h3> \n\t\t\t\t\t\t\t<\/div>\n\n\t\t\t\t\t\t\t<div class=\"title-after_title reset-last-child wd-fontsize-xs\">\n\t\t\t\t\tUn projet d\u2019am\u00e9nagement ou de r\u00e9novation de bureau peut am\u00e9liorer consid\u00e9rablement le confort et la productivit\u00e9 des employ\u00e9s. Cependan...\t\t\t\t<\/div>\n\t\t\t\t\t<\/div>\n\t\t\t\t\t\t<\/div>\n\t\t\t\t<\/div>\n\t\t\t\t<div class=\"elementor-element elementor-element-4383ba9 elementor-widget elementor-widget-button\" data-id=\"4383ba9\" data-element_type=\"widget\" data-e-type=\"widget\" data-widget_type=\"button.default\">\n\t\t\t\t\t\t\t\t\t\t<a class=\"elementor-button elementor-button-link elementor-size-sm\" href=\"\/en\/erreurs-a-eviter-amenagement-bureau\/\">\n\t\t\t\t\t\t<span class=\"elementor-button-content-wrapper\">\n\t\t\t\t\t\t\t\t\t<span class=\"elementor-button-text\">Lire la suite<\/span>\n\t\t\t\t\t<\/span>\n\t\t\t\t\t<\/a>\n\t\t\t\t\t\t\t\t<\/div>\n\t\t\t\t<\/div>\n\t\t<div class=\"elementor-element elementor-element-3f7d9ec e-con-full e-flex e-con e-child\" data-id=\"3f7d9ec\" data-element_type=\"container\" data-e-type=\"container\">\n\t\t\t\t<div class=\"elementor-element elementor-element-98169e5 elementor-widget elementor-widget-image\" data-id=\"98169e5\" data-element_type=\"widget\" data-e-type=\"widget\" data-widget_type=\"image.default\">\n\t\t\t\t\t\t\t\t\t\t\t\t\t\t\t<img loading=\"lazy\" decoding=\"async\" width=\"1600\" height=\"1116\" src=\"https:\/\/barjal.com\/wp-content\/uploads\/2026\/04\/Untitled-design.webp\" class=\"attachment-full size-full wp-image-10805\" alt=\"\" srcset=\"https:\/\/barjal.com\/wp-content\/uploads\/2026\/04\/Untitled-design.webp 1600w, https:\/\/barjal.com\/wp-content\/uploads\/2026\/04\/Untitled-design-300x209.webp 300w, https:\/\/barjal.com\/wp-content\/uploads\/2026\/04\/Untitled-design-1024x714.webp 1024w, https:\/\/barjal.com\/wp-content\/uploads\/2026\/04\/Untitled-design-768x536.webp 768w, https:\/\/barjal.com\/wp-content\/uploads\/2026\/04\/Untitled-design-1536x1071.webp 1536w\" sizes=\"auto, (max-width: 1600px) 100vw, 1600px\" title=\"\">\t\t\t\t\t\t\t\t\t\t\t\t\t\t\t<\/div>\n\t\t\t\t<div class=\"elementor-element elementor-element-2c7d5fc wd-width-100 elementor-widget elementor-widget-wd_title\" data-id=\"2c7d5fc\" data-element_type=\"widget\" data-e-type=\"widget\" data-widget_type=\"wd_title.default\">\n\t\t\t\t<div class=\"elementor-widget-container\">\n\t\t\t\t\t\t\t<div class=\"title-wrapper wd-set-mb reset-last-child wd-title-color-default wd-title-style-default wd-title-size-default text-left\">\n\n\t\t\t\n\t\t\t<div class=\"liner-continer\">\n\t\t\t\t<h3 class=\"woodmart-title-container title wd-fontsize-l\">Design-Build : qu\u2019est-ce que c\u2019est et pourquoi l\u2019adopter ?<\/h3> \n\t\t\t\t\t\t\t<\/div>\n\n\t\t\t\t\t\t\t<div class=\"title-after_title reset-last-child wd-fontsize-xs\">\n\t\t\t\t\tSi vous envisagez un projet de r\u00e9novation ou de construction, vous avez peut-\u00eatre d\u00e9j\u00e0 entendu parler de l\u2019approche Design-Build. Mais ...\t\t\t\t<\/div>\n\t\t\t\t\t<\/div>\n\t\t\t\t\t\t<\/div>\n\t\t\t\t<\/div>\n\t\t\t\t<div class=\"elementor-element elementor-element-8d4cc2e elementor-widget elementor-widget-button\" data-id=\"8d4cc2e\" data-element_type=\"widget\" data-e-type=\"widget\" data-widget_type=\"button.default\">\n\t\t\t\t\t\t\t\t\t\t<a class=\"elementor-button elementor-button-link elementor-size-sm\" href=\"\/en\/design-build-approche-renovation\/\">\n\t\t\t\t\t\t<span class=\"elementor-button-content-wrapper\">\n\t\t\t\t\t\t\t\t\t<span class=\"elementor-button-text\">Lire la suite<\/span>\n\t\t\t\t\t<\/span>\n\t\t\t\t\t<\/a>\n\t\t\t\t\t\t\t\t<\/div>\n\t\t\t\t<\/div>\n\t\t\t\t<\/div>\n\t\t\t\t<\/div>\n\t\t\t\t\t<\/div>\n\t\t\t\t<\/div>\n\t\t\t\t<\/div>","protected":false},"excerpt":{"rendered":"<p>Blog D\u00e9couvrez nos actualit\u00e9s, conseils et r\u00e9alisations autour de la construction, de l\u2019architecture et du design-build. \u00c0 travers ce blog,<\/p>","protected":false},"author":1,"featured_media":0,"parent":0,"menu_order":0,"comment_status":"closed","ping_status":"closed","template":"","meta":{"footnotes":""},"class_list":["post-261","page","type-page","status-publish","hentry"],"_links":{"self":[{"href":"https:\/\/barjal.com\/en\/wp-json\/wp\/v2\/pages\/261","targetHints":{"allow":["GET"]}}],"collection":[{"href":"https:\/\/barjal.com\/en\/wp-json\/wp\/v2\/pages"}],"about":[{"href":"https:\/\/barjal.com\/en\/wp-json\/wp\/v2\/types\/page"}],"author":[{"embeddable":true,"href":"https:\/\/barjal.com\/en\/wp-json\/wp\/v2\/users\/1"}],"replies":[{"embeddable":true,"href":"https:\/\/barjal.com\/en\/wp-json\/wp\/v2\/comments?post=261"}],"version-history":[{"count":31,"href":"https:\/\/barjal.com\/en\/wp-json\/wp\/v2\/pages\/261\/revisions"}],"predecessor-version":[{"id":11201,"href":"https:\/\/barjal.com\/en\/wp-json\/wp\/v2\/pages\/261\/revisions\/11201"}],"wp:attachment":[{"href":"https:\/\/barjal.com\/en\/wp-json\/wp\/v2\/media?parent=261"}],"curies":[{"name":"wp","href":"https:\/\/api.w.org\/{rel}","templated":true}]}}