{"id":10132,"date":"2026-03-22T10:04:39","date_gmt":"2026-03-22T10:04:39","guid":{"rendered":"https:\/\/barjal.com\/?page_id=10132"},"modified":"2026-04-05T20:02:59","modified_gmt":"2026-04-05T20:02:59","slug":"restauration-de-batiments-historiques","status":"publish","type":"page","link":"https:\/\/barjal.com\/en\/restauration-de-batiments-historiques\/","title":{"rendered":"Restoration of historic buildings"},"content":{"rendered":"<div data-elementor-type=\"wp-page\" data-elementor-id=\"10132\" class=\"elementor elementor-10132\" data-elementor-post-type=\"page\">\n\t\t\t\t<div class=\"elementor-element elementor-element-7cea44c wd-section-stretch e-flex e-con-boxed e-con e-parent\" data-id=\"7cea44c\" data-element_type=\"container\" data-e-type=\"container\" data-settings=\"{&quot;background_background&quot;:&quot;classic&quot;}\">\n\t\t\t\t\t<div class=\"e-con-inner\">\n\t\t<div class=\"elementor-element elementor-element-a747505 e-con-full e-flex e-con e-child\" data-id=\"a747505\" data-element_type=\"container\" data-e-type=\"container\">\n\t\t\t\t<div class=\"elementor-element elementor-element-1c0e5d7 wd-width-100 elementor-widget elementor-widget-wd_title\" data-id=\"1c0e5d7\" data-element_type=\"widget\" data-e-type=\"widget\" data-widget_type=\"wd_title.default\">\n\t\t\t\t<div class=\"elementor-widget-container\">\n\t\t\t\t\t\t\t<div class=\"title-wrapper wd-set-mb reset-last-child wd-title-color-default wd-title-style-default wd-title-size-default text-left\">\n\n\t\t\t\t\t\t\t\t\t\t\t<div class=\"title-subtitle subtitle-color-default subtitle-style-default wd-fontsize-xs\">\n\t\t\t\t\tA thoughtful approach to preserving the character of the heritage while adapting it to contemporary uses.\t\t\t\t<\/div>\n\t\t\t\n\t\t\t<div class=\"liner-continer\">\n\t\t\t\t<h1 class=\"woodmart-title-container title wd-fontsize-l\">Restoration of historic buildings<\/h1> \n\t\t\t\t\t\t\t<\/div>\n\n\t\t\t\t\t\t\t<div class=\"title-after_title reset-last-child wd-fontsize-xs\">\n\t\t\t\t\t<p>The restoration of historic buildings requires much more than a simple technical intervention. It demands a deep understanding of the site\u2019s history, a keen eye for detail, and the ability to preserve what defines its identity. Our approach aims to breathe new life into these historic structures with respect, precision, and vision, giving them a new lease on life without compromising their heritage value.<\/p>\t\t\t\t<\/div>\n\t\t\t\t\t<\/div>\n\t\t\t\t\t\t<\/div>\n\t\t\t\t<\/div>\n\t\t\t\t<div class=\"elementor-element elementor-element-3311237 elementor-widget elementor-widget-button\" data-id=\"3311237\" data-element_type=\"widget\" data-e-type=\"widget\" data-widget_type=\"button.default\">\n\t\t\t\t\t\t\t\t\t\t<a class=\"elementor-button elementor-button-link elementor-size-sm\" href=\"\/en\/contact\/\">\n\t\t\t\t\t\t<span class=\"elementor-button-content-wrapper\">\n\t\t\t\t\t\t\t\t\t<span class=\"elementor-button-text\">Get your project started<\/span>\n\t\t\t\t\t<\/span>\n\t\t\t\t\t<\/a>\n\t\t\t\t\t\t\t\t<\/div>\n\t\t\t\t<\/div>\n\t\t\t\t\t<\/div>\n\t\t\t\t<\/div>\n\t\t<div class=\"elementor-element elementor-element-ce1cca7 wd-section-stretch e-flex e-con-boxed e-con e-parent\" data-id=\"ce1cca7\" data-element_type=\"container\" data-e-type=\"container\" data-settings=\"{&quot;background_background&quot;:&quot;classic&quot;}\">\n\t\t\t\t\t<div class=\"e-con-inner\">\n\t\t<div class=\"elementor-element elementor-element-0bda1c5 e-con-full e-flex e-con e-child\" data-id=\"0bda1c5\" data-element_type=\"container\" data-e-type=\"container\">\n\t\t\t\t<div class=\"elementor-element elementor-element-7ecbaaa elementor-widget elementor-widget-image\" data-id=\"7ecbaaa\" data-element_type=\"widget\" data-e-type=\"widget\" data-widget_type=\"image.default\">\n\t\t\t\t\t\t\t\t\t\t\t\t\t\t\t<img loading=\"lazy\" decoding=\"async\" width=\"1024\" height=\"717\" src=\"https:\/\/barjal.com\/wp-content\/uploads\/2026\/03\/freepik__un-btiment-historique-marocain-en-cours-de-restaur__63076-1024x717.webp\" class=\"attachment-large size-large wp-image-10236\" alt=\"\" srcset=\"https:\/\/barjal.com\/wp-content\/uploads\/2026\/03\/freepik__un-btiment-historique-marocain-en-cours-de-restaur__63076-1024x717.webp 1024w, https:\/\/barjal.com\/wp-content\/uploads\/2026\/03\/freepik__un-btiment-historique-marocain-en-cours-de-restaur__63076-300x210.webp 300w, https:\/\/barjal.com\/wp-content\/uploads\/2026\/03\/freepik__un-btiment-historique-marocain-en-cours-de-restaur__63076-768x538.webp 768w, https:\/\/barjal.com\/wp-content\/uploads\/2026\/03\/freepik__un-btiment-historique-marocain-en-cours-de-restaur__63076.webp 1280w\" sizes=\"auto, (max-width: 1024px) 100vw, 1024px\" title=\"\">\t\t\t\t\t\t\t\t\t\t\t\t\t\t\t<\/div>\n\t\t\t\t<\/div>\n\t\t<div class=\"elementor-element elementor-element-1d14bdf e-con-full e-flex e-con e-child\" data-id=\"1d14bdf\" data-element_type=\"container\" data-e-type=\"container\">\n\t\t\t\t<div class=\"elementor-element elementor-element-7b80b5e wd-width-100 elementor-widget elementor-widget-wd_title\" data-id=\"7b80b5e\" data-element_type=\"widget\" data-e-type=\"widget\" data-widget_type=\"wd_title.default\">\n\t\t\t\t<div class=\"elementor-widget-container\">\n\t\t\t\t\t\t\t<div class=\"title-wrapper wd-set-mb reset-last-child wd-title-color-default wd-title-style-default wd-title-size-default text-left\">\n\n\t\t\t\n\t\t\t<div class=\"liner-continer\">\n\t\t\t\t<h2 class=\"woodmart-title-container title wd-fontsize-l\">Our Approach<\/h2> \n\t\t\t\t\t\t\t<\/div>\n\n\t\t\t\t\t\t\t<div class=\"title-after_title reset-last-child wd-fontsize-xs\">\n\t\t\t\t\tThe relationship between society and historic buildings has often swung between preservation and demolition in the name of progress. We take a different view: these places deserve a second life sometimes even a third, fourth, or fifth because they hold memories, a presence, and significance that are important to the community. We approach every restoration project with the care and attention that irreplaceable heritage demands.\t\t\t\t<\/div>\n\t\t\t\t\t<\/div>\n\t\t\t\t\t\t<\/div>\n\t\t\t\t<\/div>\n\t\t\t\t<\/div>\n\t\t\t\t\t<\/div>\n\t\t\t\t<\/div>\n\t\t<div class=\"elementor-element elementor-element-2f7e3ce wd-section-stretch e-flex e-con-boxed e-con e-parent\" data-id=\"2f7e3ce\" data-element_type=\"container\" data-e-type=\"container\" data-settings=\"{&quot;background_background&quot;:&quot;classic&quot;}\">\n\t\t\t\t\t<div class=\"e-con-inner\">\n\t\t<div class=\"elementor-element elementor-element-40e8de8 e-con-full e-flex e-con e-child\" data-id=\"40e8de8\" data-element_type=\"container\" data-e-type=\"container\">\n\t\t\t\t<div class=\"elementor-element elementor-element-e897335 elementor-hidden-desktop elementor-widget elementor-widget-image\" data-id=\"e897335\" data-element_type=\"widget\" data-e-type=\"widget\" data-widget_type=\"image.default\">\n\t\t\t\t\t\t\t\t\t\t\t\t\t\t\t<img loading=\"lazy\" decoding=\"async\" width=\"1024\" height=\"765\" src=\"https:\/\/barjal.com\/wp-content\/uploads\/2026\/03\/freepik__vue-architecturale-premium-de-marrakech-au-lever-o__63077-1024x765.webp\" class=\"attachment-large size-large wp-image-10237\" alt=\"\" srcset=\"https:\/\/barjal.com\/wp-content\/uploads\/2026\/03\/freepik__vue-architecturale-premium-de-marrakech-au-lever-o__63077-1024x765.webp 1024w, https:\/\/barjal.com\/wp-content\/uploads\/2026\/03\/freepik__vue-architecturale-premium-de-marrakech-au-lever-o__63077-300x224.webp 300w, https:\/\/barjal.com\/wp-content\/uploads\/2026\/03\/freepik__vue-architecturale-premium-de-marrakech-au-lever-o__63077-768x573.webp 768w, https:\/\/barjal.com\/wp-content\/uploads\/2026\/03\/freepik__vue-architecturale-premium-de-marrakech-au-lever-o__63077.webp 1200w\" sizes=\"auto, (max-width: 1024px) 100vw, 1024px\" title=\"\">\t\t\t\t\t\t\t\t\t\t\t\t\t\t\t<\/div>\n\t\t\t\t<div class=\"elementor-element elementor-element-db2f826 wd-width-100 elementor-widget elementor-widget-wd_title\" data-id=\"db2f826\" data-element_type=\"widget\" data-e-type=\"widget\" data-widget_type=\"wd_title.default\">\n\t\t\t\t<div class=\"elementor-widget-container\">\n\t\t\t\t\t\t\t<div class=\"title-wrapper wd-set-mb reset-last-child wd-title-color-default wd-title-style-default wd-title-size-default text-left\">\n\n\t\t\t\n\t\t\t<div class=\"liner-continer\">\n\t\t\t\t<h2 class=\"woodmart-title-container title wd-fontsize-l\">A strong foothold in Marrakech<\/h2> \n\t\t\t\t\t\t\t<\/div>\n\n\t\t\t\t\t\t\t<div class=\"title-after_title reset-last-child wd-fontsize-xs\">\n\t\t\t\t\tMarrakech holds a special place in our history, as it is our hometown. We truly enjoy working on projects in this region, which is rich in historic buildings that bear witness to the city\u2019s vibrant past. Restoring this heritage also means helping to preserve its architectural and cultural identity.\t\t\t\t<\/div>\n\t\t\t\t\t<\/div>\n\t\t\t\t\t\t<\/div>\n\t\t\t\t<\/div>\n\t\t\t\t<\/div>\n\t\t<div class=\"elementor-element elementor-element-ba69562 e-con-full elementor-hidden-tablet elementor-hidden-mobile e-flex e-con e-child\" data-id=\"ba69562\" data-element_type=\"container\" data-e-type=\"container\">\n\t\t\t\t<div class=\"elementor-element elementor-element-b862506 elementor-widget elementor-widget-image\" data-id=\"b862506\" data-element_type=\"widget\" data-e-type=\"widget\" data-widget_type=\"image.default\">\n\t\t\t\t\t\t\t\t\t\t\t\t\t\t\t<img loading=\"lazy\" decoding=\"async\" width=\"1024\" height=\"765\" src=\"https:\/\/barjal.com\/wp-content\/uploads\/2026\/03\/freepik__vue-architecturale-premium-de-marrakech-au-lever-o__63077-1024x765.webp\" class=\"attachment-large size-large wp-image-10237\" alt=\"\" srcset=\"https:\/\/barjal.com\/wp-content\/uploads\/2026\/03\/freepik__vue-architecturale-premium-de-marrakech-au-lever-o__63077-1024x765.webp 1024w, https:\/\/barjal.com\/wp-content\/uploads\/2026\/03\/freepik__vue-architecturale-premium-de-marrakech-au-lever-o__63077-300x224.webp 300w, https:\/\/barjal.com\/wp-content\/uploads\/2026\/03\/freepik__vue-architecturale-premium-de-marrakech-au-lever-o__63077-768x573.webp 768w, https:\/\/barjal.com\/wp-content\/uploads\/2026\/03\/freepik__vue-architecturale-premium-de-marrakech-au-lever-o__63077.webp 1200w\" sizes=\"auto, (max-width: 1024px) 100vw, 1024px\" title=\"\">\t\t\t\t\t\t\t\t\t\t\t\t\t\t\t<\/div>\n\t\t\t\t<\/div>\n\t\t\t\t\t<\/div>\n\t\t\t\t<\/div>\n\t\t<div class=\"elementor-element elementor-element-6d72a6e wd-section-stretch e-flex e-con-boxed e-con e-parent\" data-id=\"6d72a6e\" data-element_type=\"container\" data-e-type=\"container\" data-settings=\"{&quot;background_background&quot;:&quot;classic&quot;}\">\n\t\t\t\t\t<div class=\"e-con-inner\">\n\t\t<div class=\"elementor-element elementor-element-b4f19dd e-con-full e-flex e-con e-child\" data-id=\"b4f19dd\" data-element_type=\"container\" data-e-type=\"container\">\n\t\t\t\t<div class=\"elementor-element elementor-element-e34718b elementor-widget elementor-widget-image\" data-id=\"e34718b\" data-element_type=\"widget\" data-e-type=\"widget\" data-widget_type=\"image.default\">\n\t\t\t\t\t\t\t\t\t\t\t\t\t\t\t<img loading=\"lazy\" decoding=\"async\" width=\"1024\" height=\"765\" src=\"https:\/\/barjal.com\/wp-content\/uploads\/2026\/03\/freepik__dtail-architectural-raffin-dun-btiment-historique-__63078-1024x765.webp\" class=\"attachment-large size-large wp-image-10238\" alt=\"\" srcset=\"https:\/\/barjal.com\/wp-content\/uploads\/2026\/03\/freepik__dtail-architectural-raffin-dun-btiment-historique-__63078-1024x765.webp 1024w, https:\/\/barjal.com\/wp-content\/uploads\/2026\/03\/freepik__dtail-architectural-raffin-dun-btiment-historique-__63078-300x224.webp 300w, https:\/\/barjal.com\/wp-content\/uploads\/2026\/03\/freepik__dtail-architectural-raffin-dun-btiment-historique-__63078-768x573.webp 768w, https:\/\/barjal.com\/wp-content\/uploads\/2026\/03\/freepik__dtail-architectural-raffin-dun-btiment-historique-__63078.webp 1200w\" sizes=\"auto, (max-width: 1024px) 100vw, 1024px\" title=\"\">\t\t\t\t\t\t\t\t\t\t\t\t\t\t\t<\/div>\n\t\t\t\t<\/div>\n\t\t<div class=\"elementor-element elementor-element-6a36047 e-con-full e-flex e-con e-child\" data-id=\"6a36047\" data-element_type=\"container\" data-e-type=\"container\">\n\t\t\t\t<div class=\"elementor-element elementor-element-a5d5da4 wd-width-100 elementor-widget elementor-widget-wd_title\" data-id=\"a5d5da4\" data-element_type=\"widget\" data-e-type=\"widget\" data-widget_type=\"wd_title.default\">\n\t\t\t\t<div class=\"elementor-widget-container\">\n\t\t\t\t\t\t\t<div class=\"title-wrapper wd-set-mb reset-last-child wd-title-color-default wd-title-style-default wd-title-size-default text-left\">\n\n\t\t\t\n\t\t\t<div class=\"liner-continer\">\n\t\t\t\t<h2 class=\"woodmart-title-container title wd-fontsize-l\">Precision in the Service of Cultural Heritage<\/h2> \n\t\t\t\t\t\t\t<\/div>\n\n\t\t\t\t\t\t\t<div class=\"title-after_title reset-last-child wd-fontsize-xs\">\n\t\t\t\t\tOur Design &amp; Build approach to historic building restoration allows us to pay meticulous attention to every detail while maintaining control over the schedule and budget. In this type of project, it is often the subtlest details that define the building\u2019s character. That is why every decision, every intervention, and every finish is carefully considered to preserve the essence of the space while meeting today\u2019s requirements.\t\t\t\t<\/div>\n\t\t\t\t\t<\/div>\n\t\t\t\t\t\t<\/div>\n\t\t\t\t<\/div>\n\t\t\t\t<\/div>\n\t\t\t\t\t<\/div>\n\t\t\t\t<\/div>\n\t\t<div class=\"elementor-element elementor-element-4e4ee91 wd-section-stretch e-flex e-con-boxed e-con e-parent\" data-id=\"4e4ee91\" data-element_type=\"container\" data-e-type=\"container\" data-settings=\"{&quot;background_background&quot;:&quot;classic&quot;}\">\n\t\t\t\t\t<div class=\"e-con-inner\">\n\t\t<div class=\"elementor-element elementor-element-0637f3e e-con-full e-flex e-con e-child\" data-id=\"0637f3e\" data-element_type=\"container\" data-e-type=\"container\">\n\t\t\t\t<div class=\"elementor-element elementor-element-4f179dc elementor-hidden-desktop elementor-widget elementor-widget-image\" data-id=\"4f179dc\" data-element_type=\"widget\" data-e-type=\"widget\" data-widget_type=\"image.default\">\n\t\t\t\t\t\t\t\t\t\t\t\t\t\t\t<img loading=\"lazy\" decoding=\"async\" width=\"1024\" height=\"765\" src=\"https:\/\/barjal.com\/wp-content\/uploads\/2026\/03\/freepik__image-ditoriale-haut-de-gamme-reprsentant-la-valeu__63081-1024x765.webp\" class=\"attachment-large size-large wp-image-10239\" alt=\"\" srcset=\"https:\/\/barjal.com\/wp-content\/uploads\/2026\/03\/freepik__image-ditoriale-haut-de-gamme-reprsentant-la-valeu__63081-1024x765.webp 1024w, https:\/\/barjal.com\/wp-content\/uploads\/2026\/03\/freepik__image-ditoriale-haut-de-gamme-reprsentant-la-valeu__63081-300x224.webp 300w, https:\/\/barjal.com\/wp-content\/uploads\/2026\/03\/freepik__image-ditoriale-haut-de-gamme-reprsentant-la-valeu__63081-768x573.webp 768w, https:\/\/barjal.com\/wp-content\/uploads\/2026\/03\/freepik__image-ditoriale-haut-de-gamme-reprsentant-la-valeu__63081.webp 1200w\" sizes=\"auto, (max-width: 1024px) 100vw, 1024px\" title=\"\">\t\t\t\t\t\t\t\t\t\t\t\t\t\t\t<\/div>\n\t\t\t\t<div class=\"elementor-element elementor-element-d02e01c wd-width-100 elementor-widget elementor-widget-wd_title\" data-id=\"d02e01c\" data-element_type=\"widget\" data-e-type=\"widget\" data-widget_type=\"wd_title.default\">\n\t\t\t\t<div class=\"elementor-widget-container\">\n\t\t\t\t\t\t\t<div class=\"title-wrapper wd-set-mb reset-last-child wd-title-color-default wd-title-style-default wd-title-size-default text-left\">\n\n\t\t\t\n\t\t\t<div class=\"liner-continer\">\n\t\t\t\t<h2 class=\"woodmart-title-container title wd-fontsize-l\">Why choose this service<\/h2> \n\t\t\t\t\t\t\t<\/div>\n\n\t\t\t\t\t<\/div>\n\t\t\t\t\t\t<\/div>\n\t\t\t\t<\/div>\n\t\t\t\t<div class=\"elementor-element elementor-element-c737033 elementor-widget elementor-widget-wd_accordion\" data-id=\"c737033\" data-element_type=\"widget\" data-e-type=\"widget\" data-widget_type=\"wd_accordion.default\">\n\t\t\t\t<div class=\"elementor-widget-container\">\n\t\t\t\t\t\n\t\t<div class=\"wd-accordion wd-style-shadow wd-titles-left wd-opener-pos-left wd-opener-style-plus\" data-state=\"all_closed\">\n\t\t\t\t\t\t\t\n\t\t\t\t<div class=\"wd-accordion-item\">\n\t\t\t\t\t<div class=\"wd-accordion-title wd-role-btn\" data-accordion-index=\"0\" tabindex=\"0\">\n\t\t\t\t\t\t<div class=\"wd-accordion-title-text\">\n\t\t\t\t\t\t\t\t\t\t\t\t\t\t<span>\n\t\t\t\t\t\t\t\tPreserving the character of the place\t\t\t\t\t\t\t<\/span>\n\t\t\t\t\t\t<\/div>\n\t\t\t\t\t\t<span class=\"wd-accordion-opener\"><\/span>\n\t\t\t\t\t<\/div>\n\n\t\t\t\t\t<div class=\"wd-accordion-content wd-entry-content\" data-accordion-index=\"0\">\n\t\t\t\t\t\t\t\t\t\t\t\t\t\n\t\t\t\t\t\t\t<p>We approach our work with a commitment to preserving what gives the building its value, identity, and character.<\/p>\n\t\t\t\t\t\t\t\t\t\t\t\t\t\t\t\t\t\t<\/div>\n\t\t\t\t<\/div>\n\t\t\t\t\t\t\t\n\t\t\t\t<div class=\"wd-accordion-item\">\n\t\t\t\t\t<div class=\"wd-accordion-title wd-role-btn\" data-accordion-index=\"1\" tabindex=\"0\">\n\t\t\t\t\t\t<div class=\"wd-accordion-title-text\">\n\t\t\t\t\t\t\t\t\t\t\t\t\t\t<span>\n\t\t\t\t\t\t\t\tBringing heritage back to life\t\t\t\t\t\t\t<\/span>\n\t\t\t\t\t\t<\/div>\n\t\t\t\t\t\t<span class=\"wd-accordion-opener\"><\/span>\n\t\t\t\t\t<\/div>\n\n\t\t\t\t\t<div class=\"wd-accordion-content wd-entry-content\" data-accordion-index=\"1\">\n\t\t\t\t\t\t\t\t\t\t\t\t\t\n\t\t\t\t\t\t\t<p>Our goal is to modernize historic buildings without losing sight of their history.<\/p>\n\t\t\t\t\t\t\t\t\t\t\t\t\t\t\t\t\t\t<\/div>\n\t\t\t\t<\/div>\n\t\t\t\t\t\t\t\n\t\t\t\t<div class=\"wd-accordion-item\">\n\t\t\t\t\t<div class=\"wd-accordion-title wd-role-btn\" data-accordion-index=\"2\" tabindex=\"0\">\n\t\t\t\t\t\t<div class=\"wd-accordion-title-text\">\n\t\t\t\t\t\t\t\t\t\t\t\t\t\t<span>\n\t\t\t\t\t\t\t\tManage the project as a whole\t\t\t\t\t\t\t<\/span>\n\t\t\t\t\t\t<\/div>\n\t\t\t\t\t\t<span class=\"wd-accordion-opener\"><\/span>\n\t\t\t\t\t<\/div>\n\n\t\t\t\t\t<div class=\"wd-accordion-content wd-entry-content\" data-accordion-index=\"2\">\n\t\t\t\t\t\t\t\t\t\t\t\t\t\n\t\t\t\t\t\t\t<p>Thanks to an integrated approach, we can manage the project with greater consistency, precision, and continuity.<\/p>\n\t\t\t\t\t\t\t\t\t\t\t\t\t\t\t\t\t\t<\/div>\n\t\t\t\t<\/div>\n\t\t\t\t\t\t\t\n\t\t\t\t<div class=\"wd-accordion-item\">\n\t\t\t\t\t<div class=\"wd-accordion-title wd-role-btn\" data-accordion-index=\"3\" tabindex=\"0\">\n\t\t\t\t\t\t<div class=\"wd-accordion-title-text\">\n\t\t\t\t\t\t\t\t\t\t\t\t\t\t<span>\n\t\t\t\t\t\t\t\tMeet deadlines and stay within budget\t\t\t\t\t\t\t<\/span>\n\t\t\t\t\t\t<\/div>\n\t\t\t\t\t\t<span class=\"wd-accordion-opener\"><\/span>\n\t\t\t\t\t<\/div>\n\n\t\t\t\t\t<div class=\"wd-accordion-content wd-entry-content\" data-accordion-index=\"3\">\n\t\t\t\t\t\t\t\t\t\t\t\t\t\n\t\t\t\t\t\t\t<p>Even in the face of the unique challenges of the restaurant industry, we ensure that the project remains on track with its time and cost constraints.<\/p>\n\t\t\t\t\t\t\t\t\t\t\t\t\t\t\t\t\t\t<\/div>\n\t\t\t\t<\/div>\n\t\t\t\t\t<\/div>\n\t\t\t\t\t\t<\/div>\n\t\t\t\t<\/div>\n\t\t\t\t<\/div>\n\t\t<div class=\"elementor-element elementor-element-dbfafe9 e-con-full elementor-hidden-tablet elementor-hidden-mobile e-flex e-con e-child\" data-id=\"dbfafe9\" data-element_type=\"container\" data-e-type=\"container\">\n\t\t\t\t<div class=\"elementor-element elementor-element-751021a elementor-widget elementor-widget-image\" data-id=\"751021a\" data-element_type=\"widget\" data-e-type=\"widget\" data-widget_type=\"image.default\">\n\t\t\t\t\t\t\t\t\t\t\t\t\t\t\t<img loading=\"lazy\" decoding=\"async\" width=\"1024\" height=\"765\" src=\"https:\/\/barjal.com\/wp-content\/uploads\/2026\/03\/freepik__image-ditoriale-haut-de-gamme-reprsentant-la-valeu__63081-1024x765.webp\" class=\"attachment-large size-large wp-image-10239\" alt=\"\" srcset=\"https:\/\/barjal.com\/wp-content\/uploads\/2026\/03\/freepik__image-ditoriale-haut-de-gamme-reprsentant-la-valeu__63081-1024x765.webp 1024w, https:\/\/barjal.com\/wp-content\/uploads\/2026\/03\/freepik__image-ditoriale-haut-de-gamme-reprsentant-la-valeu__63081-300x224.webp 300w, https:\/\/barjal.com\/wp-content\/uploads\/2026\/03\/freepik__image-ditoriale-haut-de-gamme-reprsentant-la-valeu__63081-768x573.webp 768w, https:\/\/barjal.com\/wp-content\/uploads\/2026\/03\/freepik__image-ditoriale-haut-de-gamme-reprsentant-la-valeu__63081.webp 1200w\" sizes=\"auto, (max-width: 1024px) 100vw, 1024px\" title=\"\">\t\t\t\t\t\t\t\t\t\t\t\t\t\t\t<\/div>\n\t\t\t\t<\/div>\n\t\t\t\t\t<\/div>\n\t\t\t\t<\/div>\n\t\t<div class=\"elementor-element elementor-element-9f6038b wd-section-stretch e-flex e-con-boxed e-con e-parent\" data-id=\"9f6038b\" data-element_type=\"container\" data-e-type=\"container\" data-settings=\"{&quot;background_background&quot;:&quot;classic&quot;}\">\n\t\t\t\t\t<div class=\"e-con-inner\">\n\t\t<div class=\"elementor-element elementor-element-7a97fb9 e-con-full e-flex e-con e-child\" data-id=\"7a97fb9\" data-element_type=\"container\" data-e-type=\"container\">\n\t\t\t\t<div class=\"elementor-element elementor-element-e8d895e elementor-widget elementor-widget-image\" data-id=\"e8d895e\" data-element_type=\"widget\" data-e-type=\"widget\" data-widget_type=\"image.default\">\n\t\t\t\t\t\t\t\t\t\t\t\t\t\t\t<img loading=\"lazy\" decoding=\"async\" width=\"1024\" height=\"765\" src=\"https:\/\/barjal.com\/wp-content\/uploads\/2026\/03\/freepik__vue-architecturale-premium-dun-riad-ou-dune-demeur__63082-1024x765.webp\" class=\"attachment-large size-large wp-image-10240\" alt=\"\" srcset=\"https:\/\/barjal.com\/wp-content\/uploads\/2026\/03\/freepik__vue-architecturale-premium-dun-riad-ou-dune-demeur__63082-1024x765.webp 1024w, https:\/\/barjal.com\/wp-content\/uploads\/2026\/03\/freepik__vue-architecturale-premium-dun-riad-ou-dune-demeur__63082-300x224.webp 300w, https:\/\/barjal.com\/wp-content\/uploads\/2026\/03\/freepik__vue-architecturale-premium-dun-riad-ou-dune-demeur__63082-768x573.webp 768w, https:\/\/barjal.com\/wp-content\/uploads\/2026\/03\/freepik__vue-architecturale-premium-dun-riad-ou-dune-demeur__63082.webp 1200w\" sizes=\"auto, (max-width: 1024px) 100vw, 1024px\" title=\"\">\t\t\t\t\t\t\t\t\t\t\t\t\t\t\t<\/div>\n\t\t\t\t<\/div>\n\t\t<div class=\"elementor-element elementor-element-2e266a7 e-con-full e-flex e-con e-child\" data-id=\"2e266a7\" data-element_type=\"container\" data-e-type=\"container\">\n\t\t\t\t<div class=\"elementor-element elementor-element-cd5c593 wd-width-100 elementor-widget elementor-widget-wd_title\" data-id=\"cd5c593\" data-element_type=\"widget\" data-e-type=\"widget\" data-widget_type=\"wd_title.default\">\n\t\t\t\t<div class=\"elementor-widget-container\">\n\t\t\t\t\t\t\t<div class=\"title-wrapper wd-set-mb reset-last-child wd-title-color-default wd-title-style-default wd-title-size-default text-left\">\n\n\t\t\t\n\t\t\t<div class=\"liner-continer\">\n\t\t\t\t<h2 class=\"woodmart-title-container title wd-fontsize-l\">For which projects<\/h2> \n\t\t\t\t\t\t\t<\/div>\n\n\t\t\t\t\t\t\t<div class=\"title-after_title reset-last-child wd-fontsize-xs\">\n\t\t\t\t\tThis service is designed for property owners, project developers, and investors who wish to restore a historic building and give it a new lease on life. Whether it\u2019s a riad, an old mansion, or a heritage building in need of renovation, we support each project with a special focus on its history, architectural value, and future potential.\t\t\t\t<\/div>\n\t\t\t\t\t<\/div>\n\t\t\t\t\t\t<\/div>\n\t\t\t\t<\/div>\n\t\t\t\t<\/div>\n\t\t\t\t\t<\/div>\n\t\t\t\t<\/div>\n\t\t<div class=\"elementor-element elementor-element-b264a45 wd-section-stretch e-flex e-con-boxed e-con e-parent\" data-id=\"b264a45\" data-element_type=\"container\" data-e-type=\"container\" data-settings=\"{&quot;background_background&quot;:&quot;classic&quot;}\">\n\t\t\t\t\t<div class=\"e-con-inner\">\n\t\t<div class=\"elementor-element elementor-element-d3f1924 e-con-full e-flex e-con e-child\" data-id=\"d3f1924\" data-element_type=\"container\" data-e-type=\"container\">\n\t\t\t\t<div class=\"elementor-element elementor-element-a44b8f0 wd-width-100 elementor-widget elementor-widget-wd_title\" data-id=\"a44b8f0\" data-element_type=\"widget\" data-e-type=\"widget\" data-widget_type=\"wd_title.default\">\n\t\t\t\t<div class=\"elementor-widget-container\">\n\t\t\t\t\t\t\t<div class=\"title-wrapper wd-set-mb reset-last-child wd-title-color-default wd-title-style-default wd-title-size-default text-left\">\n\n\t\t\t\n\t\t\t<div class=\"liner-continer\">\n\t\t\t\t<h3 class=\"woodmart-title-container title wd-fontsize-l\">Let's talk about your project<\/h3> \n\t\t\t\t\t\t\t<\/div>\n\n\t\t\t\t\t\t\t<div class=\"title-after_title reset-last-child wd-fontsize-xs\">\n\t\t\t\t\t<p>Do you own a historic building or want to breathe new life into it? Our team will guide you through the process with a meticulous, thoughtful, and structured approach to preserve its character while preparing it for the future.<\/p>\t\t\t\t<\/div>\n\t\t\t\t\t<\/div>\n\t\t\t\t\t\t<\/div>\n\t\t\t\t<\/div>\n\t\t\t\t<div class=\"elementor-element elementor-element-47d4711 elementor-align-left elementor-widget elementor-widget-button\" data-id=\"47d4711\" data-element_type=\"widget\" data-e-type=\"widget\" data-widget_type=\"button.default\">\n\t\t\t\t\t\t\t\t\t\t<a class=\"elementor-button elementor-button-link elementor-size-sm\" href=\"\/en\/contact\/\">\n\t\t\t\t\t\t<span class=\"elementor-button-content-wrapper\">\n\t\t\t\t\t\t\t\t\t<span class=\"elementor-button-text\">Get your project started<\/span>\n\t\t\t\t\t<\/span>\n\t\t\t\t\t<\/a>\n\t\t\t\t\t\t\t\t<\/div>\n\t\t\t\t<\/div>\n\t\t\t\t\t<\/div>\n\t\t\t\t<\/div>\n\t\t\t\t<\/div>","protected":false},"excerpt":{"rendered":"<p>Une approche soign\u00e9e pour pr\u00e9server le caract\u00e8re du patrimoine tout en l\u2019adaptant aux usages contemporains. Restauration de b\u00e2timents historiques La<\/p>","protected":false},"author":1,"featured_media":0,"parent":0,"menu_order":0,"comment_status":"closed","ping_status":"closed","template":"","meta":{"footnotes":""},"class_list":["post-10132","page","type-page","status-publish","hentry"],"_links":{"self":[{"href":"https:\/\/barjal.com\/en\/wp-json\/wp\/v2\/pages\/10132","targetHints":{"allow":["GET"]}}],"collection":[{"href":"https:\/\/barjal.com\/en\/wp-json\/wp\/v2\/pages"}],"about":[{"href":"https:\/\/barjal.com\/en\/wp-json\/wp\/v2\/types\/page"}],"author":[{"embeddable":true,"href":"https:\/\/barjal.com\/en\/wp-json\/wp\/v2\/users\/1"}],"replies":[{"embeddable":true,"href":"https:\/\/barjal.com\/en\/wp-json\/wp\/v2\/comments?post=10132"}],"version-history":[{"count":25,"href":"https:\/\/barjal.com\/en\/wp-json\/wp\/v2\/pages\/10132\/revisions"}],"predecessor-version":[{"id":10910,"href":"https:\/\/barjal.com\/en\/wp-json\/wp\/v2\/pages\/10132\/revisions\/10910"}],"wp:attachment":[{"href":"https:\/\/barjal.com\/en\/wp-json\/wp\/v2\/media?parent=10132"}],"curies":[{"name":"wp","href":"https:\/\/api.w.org\/{rel}","templated":true}]}}