{"id":10108,"date":"2026-03-22T09:41:10","date_gmt":"2026-03-22T09:41:10","guid":{"rendered":"https:\/\/barjal.com\/?page_id=10108"},"modified":"2026-04-05T19:52:25","modified_gmt":"2026-04-05T19:52:25","slug":"construction-generale","status":"publish","type":"page","link":"https:\/\/barjal.com\/en\/construction-generale\/","title":{"rendered":"General Construction"},"content":{"rendered":"<div data-elementor-type=\"wp-page\" data-elementor-id=\"10108\" class=\"elementor elementor-10108\" data-elementor-post-type=\"page\">\n\t\t\t\t<div class=\"elementor-element elementor-element-7cea44c wd-section-stretch e-flex e-con-boxed e-con e-parent\" data-id=\"7cea44c\" data-element_type=\"container\" data-e-type=\"container\" data-settings=\"{&quot;background_background&quot;:&quot;classic&quot;}\">\n\t\t\t\t\t<div class=\"e-con-inner\">\n\t\t<div class=\"elementor-element elementor-element-a747505 e-con-full e-flex e-con e-child\" data-id=\"a747505\" data-element_type=\"container\" data-e-type=\"container\">\n\t\t\t\t<div class=\"elementor-element elementor-element-1c0e5d7 wd-width-100 elementor-widget elementor-widget-wd_title\" data-id=\"1c0e5d7\" data-element_type=\"widget\" data-e-type=\"widget\" data-widget_type=\"wd_title.default\">\n\t\t\t\t<div class=\"elementor-widget-container\">\n\t\t\t\t\t\t\t<div class=\"title-wrapper wd-set-mb reset-last-child wd-title-color-default wd-title-style-default wd-title-size-default text-left\">\n\n\t\t\t\t\t\t\t\t\t\t\t<div class=\"title-subtitle subtitle-color-default subtitle-style-default wd-fontsize-xs\">\n\t\t\t\t\tWork carried out with precision to ensure durable, functional, and high-quality spaces.\t\t\t\t<\/div>\n\t\t\t\n\t\t\t<div class=\"liner-continer\">\n\t\t\t\t<h1 class=\"woodmart-title-container title wd-fontsize-l\">General Construction<\/h1> \n\t\t\t\t\t\t\t<\/div>\n\n\t\t\t\t\t\t\t<div class=\"title-after_title reset-last-child wd-fontsize-xs\">\n\t\t\t\t\tIf your project is already defined and the architectural plans are ready, our general construction service takes over to ensure an efficient, meticulous, and well-coordinated build. Our goal is to deliver a high-quality project while ensuring a smooth and stress-free experience for the client from start to finish.\t\t\t\t<\/div>\n\t\t\t\t\t<\/div>\n\t\t\t\t\t\t<\/div>\n\t\t\t\t<\/div>\n\t\t\t\t<div class=\"elementor-element elementor-element-3311237 elementor-widget elementor-widget-button\" data-id=\"3311237\" data-element_type=\"widget\" data-e-type=\"widget\" data-widget_type=\"button.default\">\n\t\t\t\t\t\t\t\t\t\t<a class=\"elementor-button elementor-button-link elementor-size-sm\" href=\"\/en\/contact\/\">\n\t\t\t\t\t\t<span class=\"elementor-button-content-wrapper\">\n\t\t\t\t\t\t\t\t\t<span class=\"elementor-button-text\">Get your project started<\/span>\n\t\t\t\t\t<\/span>\n\t\t\t\t\t<\/a>\n\t\t\t\t\t\t\t\t<\/div>\n\t\t\t\t<\/div>\n\t\t\t\t\t<\/div>\n\t\t\t\t<\/div>\n\t\t<div class=\"elementor-element elementor-element-ce1cca7 wd-section-stretch e-flex e-con-boxed e-con e-parent\" data-id=\"ce1cca7\" data-element_type=\"container\" data-e-type=\"container\" data-settings=\"{&quot;background_background&quot;:&quot;classic&quot;}\">\n\t\t\t\t\t<div class=\"e-con-inner\">\n\t\t<div class=\"elementor-element elementor-element-0bda1c5 e-con-full e-flex e-con e-child\" data-id=\"0bda1c5\" data-element_type=\"container\" data-e-type=\"container\">\n\t\t\t\t<div class=\"elementor-element elementor-element-7ecbaaa elementor-widget elementor-widget-image\" data-id=\"7ecbaaa\" data-element_type=\"widget\" data-e-type=\"widget\" data-widget_type=\"image.default\">\n\t\t\t\t\t\t\t\t\t\t\t\t\t\t\t<img loading=\"lazy\" decoding=\"async\" width=\"1024\" height=\"765\" src=\"https:\/\/barjal.com\/wp-content\/uploads\/2026\/03\/freepik__photographie-architecturale-ultra-raliste-dune-qui__63096-1024x765.webp\" class=\"attachment-large size-large wp-image-10265\" alt=\"\" srcset=\"https:\/\/barjal.com\/wp-content\/uploads\/2026\/03\/freepik__photographie-architecturale-ultra-raliste-dune-qui__63096-1024x765.webp 1024w, https:\/\/barjal.com\/wp-content\/uploads\/2026\/03\/freepik__photographie-architecturale-ultra-raliste-dune-qui__63096-300x224.webp 300w, https:\/\/barjal.com\/wp-content\/uploads\/2026\/03\/freepik__photographie-architecturale-ultra-raliste-dune-qui__63096-768x573.webp 768w, https:\/\/barjal.com\/wp-content\/uploads\/2026\/03\/freepik__photographie-architecturale-ultra-raliste-dune-qui__63096.webp 1200w\" sizes=\"auto, (max-width: 1024px) 100vw, 1024px\" title=\"\">\t\t\t\t\t\t\t\t\t\t\t\t\t\t\t<\/div>\n\t\t\t\t<\/div>\n\t\t<div class=\"elementor-element elementor-element-1d14bdf e-con-full e-flex e-con e-child\" data-id=\"1d14bdf\" data-element_type=\"container\" data-e-type=\"container\">\n\t\t\t\t<div class=\"elementor-element elementor-element-7b80b5e wd-width-100 elementor-widget elementor-widget-wd_title\" data-id=\"7b80b5e\" data-element_type=\"widget\" data-e-type=\"widget\" data-widget_type=\"wd_title.default\">\n\t\t\t\t<div class=\"elementor-widget-container\">\n\t\t\t\t\t\t\t<div class=\"title-wrapper wd-set-mb reset-last-child wd-title-color-default wd-title-style-default wd-title-size-default text-left\">\n\n\t\t\t\n\t\t\t<div class=\"liner-continer\">\n\t\t\t\t<h2 class=\"woodmart-title-container title wd-fontsize-l\">Our Approach<\/h2> \n\t\t\t\t\t\t\t<\/div>\n\n\t\t\t\t\t\t\t<div class=\"title-after_title reset-last-child wd-fontsize-xs\">\n\t\t\t\t\tWe leverage our construction expertise to ensure seamless project execution, grounded in a thorough understanding of the project, its scope, and its technical requirements. Thanks to our expertise in the bidding process and cost estimation, we are able to provide reliable cost estimates and a clear organizational structure, with a steadfast commitment to meeting deadlines and staying within budget.\t\t\t\t<\/div>\n\t\t\t\t\t<\/div>\n\t\t\t\t\t\t<\/div>\n\t\t\t\t<\/div>\n\t\t\t\t<\/div>\n\t\t\t\t\t<\/div>\n\t\t\t\t<\/div>\n\t\t<div class=\"elementor-element elementor-element-2f7e3ce wd-section-stretch e-flex e-con-boxed e-con e-parent\" data-id=\"2f7e3ce\" data-element_type=\"container\" data-e-type=\"container\" data-settings=\"{&quot;background_background&quot;:&quot;classic&quot;}\">\n\t\t\t\t\t<div class=\"e-con-inner\">\n\t\t<div class=\"elementor-element elementor-element-40e8de8 e-con-full e-flex e-con e-child\" data-id=\"40e8de8\" data-element_type=\"container\" data-e-type=\"container\">\n\t\t\t\t<div class=\"elementor-element elementor-element-37f3362 elementor-hidden-desktop elementor-widget elementor-widget-image\" data-id=\"37f3362\" data-element_type=\"widget\" data-e-type=\"widget\" data-widget_type=\"image.default\">\n\t\t\t\t\t\t\t\t\t\t\t\t\t\t\t<img loading=\"lazy\" decoding=\"async\" width=\"1024\" height=\"765\" src=\"https:\/\/barjal.com\/wp-content\/uploads\/2026\/03\/freepik__photographie-architecturale-ultra-raliste-dune-qui__63097-1024x765.webp\" class=\"attachment-large size-large wp-image-10266\" alt=\"\" srcset=\"https:\/\/barjal.com\/wp-content\/uploads\/2026\/03\/freepik__photographie-architecturale-ultra-raliste-dune-qui__63097-1024x765.webp 1024w, https:\/\/barjal.com\/wp-content\/uploads\/2026\/03\/freepik__photographie-architecturale-ultra-raliste-dune-qui__63097-300x224.webp 300w, https:\/\/barjal.com\/wp-content\/uploads\/2026\/03\/freepik__photographie-architecturale-ultra-raliste-dune-qui__63097-768x573.webp 768w, https:\/\/barjal.com\/wp-content\/uploads\/2026\/03\/freepik__photographie-architecturale-ultra-raliste-dune-qui__63097.webp 1200w\" sizes=\"auto, (max-width: 1024px) 100vw, 1024px\" title=\"\">\t\t\t\t\t\t\t\t\t\t\t\t\t\t\t<\/div>\n\t\t\t\t<div class=\"elementor-element elementor-element-db2f826 wd-width-100 elementor-widget elementor-widget-wd_title\" data-id=\"db2f826\" data-element_type=\"widget\" data-e-type=\"widget\" data-widget_type=\"wd_title.default\">\n\t\t\t\t<div class=\"elementor-widget-container\">\n\t\t\t\t\t\t\t<div class=\"title-wrapper wd-set-mb reset-last-child wd-title-color-default wd-title-style-default wd-title-size-default text-left\">\n\n\t\t\t\n\t\t\t<div class=\"liner-continer\">\n\t\t\t\t<h2 class=\"woodmart-title-container title wd-fontsize-l\">A strong team at the heart of every project<\/h2> \n\t\t\t\t\t\t\t<\/div>\n\n\t\t\t\t\t\t\t<div class=\"title-after_title reset-last-child wd-fontsize-xs\">\n\t\t\t\t\tEvery construction site is unique, and the success of a project depends above all on the quality of the team involved. We surround ourselves with qualified professionals and trusted partners to assemble a team tailored to the specific needs of each project. This rigorous selection process allows us to ensure precise, consistent execution that meets the client\u2019s expectations.\t\t\t\t<\/div>\n\t\t\t\t\t<\/div>\n\t\t\t\t\t\t<\/div>\n\t\t\t\t<\/div>\n\t\t\t\t<\/div>\n\t\t<div class=\"elementor-element elementor-element-ba69562 e-con-full elementor-hidden-tablet elementor-hidden-mobile e-flex e-con e-child\" data-id=\"ba69562\" data-element_type=\"container\" data-e-type=\"container\">\n\t\t\t\t<div class=\"elementor-element elementor-element-b862506 elementor-widget elementor-widget-image\" data-id=\"b862506\" data-element_type=\"widget\" data-e-type=\"widget\" data-widget_type=\"image.default\">\n\t\t\t\t\t\t\t\t\t\t\t\t\t\t\t<img loading=\"lazy\" decoding=\"async\" width=\"1024\" height=\"765\" src=\"https:\/\/barjal.com\/wp-content\/uploads\/2026\/03\/freepik__photographie-architecturale-ultra-raliste-dune-qui__63097-1024x765.webp\" class=\"attachment-large size-large wp-image-10266\" alt=\"\" srcset=\"https:\/\/barjal.com\/wp-content\/uploads\/2026\/03\/freepik__photographie-architecturale-ultra-raliste-dune-qui__63097-1024x765.webp 1024w, https:\/\/barjal.com\/wp-content\/uploads\/2026\/03\/freepik__photographie-architecturale-ultra-raliste-dune-qui__63097-300x224.webp 300w, https:\/\/barjal.com\/wp-content\/uploads\/2026\/03\/freepik__photographie-architecturale-ultra-raliste-dune-qui__63097-768x573.webp 768w, https:\/\/barjal.com\/wp-content\/uploads\/2026\/03\/freepik__photographie-architecturale-ultra-raliste-dune-qui__63097.webp 1200w\" sizes=\"auto, (max-width: 1024px) 100vw, 1024px\" title=\"\">\t\t\t\t\t\t\t\t\t\t\t\t\t\t\t<\/div>\n\t\t\t\t<\/div>\n\t\t\t\t\t<\/div>\n\t\t\t\t<\/div>\n\t\t<div class=\"elementor-element elementor-element-6d72a6e wd-section-stretch e-flex e-con-boxed e-con e-parent\" data-id=\"6d72a6e\" data-element_type=\"container\" data-e-type=\"container\" data-settings=\"{&quot;background_background&quot;:&quot;classic&quot;}\">\n\t\t\t\t\t<div class=\"e-con-inner\">\n\t\t<div class=\"elementor-element elementor-element-b4f19dd e-con-full e-flex e-con e-child\" data-id=\"b4f19dd\" data-element_type=\"container\" data-e-type=\"container\">\n\t\t\t\t<div class=\"elementor-element elementor-element-e34718b elementor-widget elementor-widget-image\" data-id=\"e34718b\" data-element_type=\"widget\" data-e-type=\"widget\" data-widget_type=\"image.default\">\n\t\t\t\t\t\t\t\t\t\t\t\t\t\t\t<img loading=\"lazy\" decoding=\"async\" width=\"1024\" height=\"765\" src=\"https:\/\/barjal.com\/wp-content\/uploads\/2026\/03\/freepik__photographie-architecturale-ultra-raliste-illustra__63098-1024x765.webp\" class=\"attachment-large size-large wp-image-10267\" alt=\"\" srcset=\"https:\/\/barjal.com\/wp-content\/uploads\/2026\/03\/freepik__photographie-architecturale-ultra-raliste-illustra__63098-1024x765.webp 1024w, https:\/\/barjal.com\/wp-content\/uploads\/2026\/03\/freepik__photographie-architecturale-ultra-raliste-illustra__63098-300x224.webp 300w, https:\/\/barjal.com\/wp-content\/uploads\/2026\/03\/freepik__photographie-architecturale-ultra-raliste-illustra__63098-768x573.webp 768w, https:\/\/barjal.com\/wp-content\/uploads\/2026\/03\/freepik__photographie-architecturale-ultra-raliste-illustra__63098.webp 1200w\" sizes=\"auto, (max-width: 1024px) 100vw, 1024px\" title=\"\">\t\t\t\t\t\t\t\t\t\t\t\t\t\t\t<\/div>\n\t\t\t\t<\/div>\n\t\t<div class=\"elementor-element elementor-element-6a36047 e-con-full e-flex e-con e-child\" data-id=\"6a36047\" data-element_type=\"container\" data-e-type=\"container\">\n\t\t\t\t<div class=\"elementor-element elementor-element-a5d5da4 wd-width-100 elementor-widget elementor-widget-wd_title\" data-id=\"a5d5da4\" data-element_type=\"widget\" data-e-type=\"widget\" data-widget_type=\"wd_title.default\">\n\t\t\t\t<div class=\"elementor-widget-container\">\n\t\t\t\t\t\t\t<div class=\"title-wrapper wd-set-mb reset-last-child wd-title-color-default wd-title-style-default wd-title-size-default text-left\">\n\n\t\t\t\n\t\t\t<div class=\"liner-continer\">\n\t\t\t\t<h2 class=\"woodmart-title-container title wd-fontsize-l\">Our Commitments<\/h2> \n\t\t\t\t\t\t\t<\/div>\n\n\t\t\t\t\t\t\t<div class=\"title-after_title reset-last-child wd-fontsize-xs\">\n\t\t\t\t\tThe Design &amp; Build process consists of four main phases:\t\t\t\t<\/div>\n\t\t\t\t\t<\/div>\n\t\t\t\t\t\t<\/div>\n\t\t\t\t<\/div>\n\t\t\t\t<div class=\"elementor-element elementor-element-9c2347f elementor-widget elementor-widget-wd_accordion\" data-id=\"9c2347f\" data-element_type=\"widget\" data-e-type=\"widget\" data-widget_type=\"wd_accordion.default\">\n\t\t\t\t<div class=\"elementor-widget-container\">\n\t\t\t\t\t\n\t\t<div class=\"wd-accordion wd-style-shadow wd-titles-left wd-opener-pos-left wd-opener-style-plus\" data-state=\"all_closed\">\n\t\t\t\t\t\t\t\n\t\t\t\t<div class=\"wd-accordion-item\">\n\t\t\t\t\t<div class=\"wd-accordion-title wd-role-btn\" data-accordion-index=\"0\" tabindex=\"0\">\n\t\t\t\t\t\t<div class=\"wd-accordion-title-text\">\n\t\t\t\t\t\t\t\t\t\t\t\t\t\t<span>\n\t\t\t\t\t\t\t\tEfficient execution\t\t\t\t\t\t\t<\/span>\n\t\t\t\t\t\t<\/div>\n\t\t\t\t\t\t<span class=\"wd-accordion-opener\"><\/span>\n\t\t\t\t\t<\/div>\n\n\t\t\t\t\t<div class=\"wd-accordion-content wd-entry-content\" data-accordion-index=\"0\">\n\t\t\t\t\t\t\t\t\t\t\t\t\t\n\t\t\t\t\t\t\tClear organization and careful coordination ensure that the construction project runs smoothly.\n\t\t\t\t\t\t\t\t\t\t\t\t\t\t\t\t\t\t<\/div>\n\t\t\t\t<\/div>\n\t\t\t\t\t\t\t\n\t\t\t\t<div class=\"wd-accordion-item\">\n\t\t\t\t\t<div class=\"wd-accordion-title wd-role-btn\" data-accordion-index=\"1\" tabindex=\"0\">\n\t\t\t\t\t\t<div class=\"wd-accordion-title-text\">\n\t\t\t\t\t\t\t\t\t\t\t\t\t\t<span>\n\t\t\t\t\t\t\t\tReliable estimate\t\t\t\t\t\t\t<\/span>\n\t\t\t\t\t\t<\/div>\n\t\t\t\t\t\t<span class=\"wd-accordion-opener\"><\/span>\n\t\t\t\t\t<\/div>\n\n\t\t\t\t\t<div class=\"wd-accordion-content wd-entry-content\" data-accordion-index=\"1\">\n\t\t\t\t\t\t\t\t\t\t\t\t\t\n\t\t\t\t\t\t\tOur understanding of the project and the implementation process allows us to provide accurate and realistic cost estimates.\n\t\t\t\t\t\t\t\t\t\t\t\t\t\t\t\t\t\t<\/div>\n\t\t\t\t<\/div>\n\t\t\t\t\t\t\t\n\t\t\t\t<div class=\"wd-accordion-item\">\n\t\t\t\t\t<div class=\"wd-accordion-title wd-role-btn\" data-accordion-index=\"2\" tabindex=\"0\">\n\t\t\t\t\t\t<div class=\"wd-accordion-title-text\">\n\t\t\t\t\t\t\t\t\t\t\t\t\t\t<span>\n\t\t\t\t\t\t\t\tAdherence to deadlines and budget\t\t\t\t\t\t\t<\/span>\n\t\t\t\t\t\t<\/div>\n\t\t\t\t\t\t<span class=\"wd-accordion-opener\"><\/span>\n\t\t\t\t\t<\/div>\n\n\t\t\t\t\t<div class=\"wd-accordion-content wd-entry-content\" data-accordion-index=\"2\">\n\t\t\t\t\t\t\t\t\t\t\t\t\t\n\t\t\t\t\t\t\tWe manage projects with a constant focus on deadlines and budget constraints.\n\t\t\t\t\t\t\t\t\t\t\t\t\t\t\t\t\t\t<\/div>\n\t\t\t\t<\/div>\n\t\t\t\t\t\t\t\n\t\t\t\t<div class=\"wd-accordion-item\">\n\t\t\t\t\t<div class=\"wd-accordion-title wd-role-btn\" data-accordion-index=\"3\" tabindex=\"0\">\n\t\t\t\t\t\t<div class=\"wd-accordion-title-text\">\n\t\t\t\t\t\t\t\t\t\t\t\t\t\t<span>\n\t\t\t\t\t\t\t\tTeam coordination\t\t\t\t\t\t\t<\/span>\n\t\t\t\t\t\t<\/div>\n\t\t\t\t\t\t<span class=\"wd-accordion-opener\"><\/span>\n\t\t\t\t\t<\/div>\n\n\t\t\t\t\t<div class=\"wd-accordion-content wd-entry-content\" data-accordion-index=\"3\">\n\t\t\t\t\t\t\t\t\t\t\t\t\t\n\t\t\t\t\t\t\tWe coordinate the various contractors and oversee every stage of the project to ensure quality and maintain the project\u2019s pace.\n\t\t\t\t\t\t\t\t\t\t\t\t\t\t\t\t\t\t<\/div>\n\t\t\t\t<\/div>\n\t\t\t\t\t\t\t\n\t\t\t\t<div class=\"wd-accordion-item\">\n\t\t\t\t\t<div class=\"wd-accordion-title wd-role-btn\" data-accordion-index=\"4\" tabindex=\"0\">\n\t\t\t\t\t\t<div class=\"wd-accordion-title-text\">\n\t\t\t\t\t\t\t\t\t\t\t\t\t\t<span>\n\t\t\t\t\t\t\t\tSustainable quality\t\t\t\t\t\t\t<\/span>\n\t\t\t\t\t\t<\/div>\n\t\t\t\t\t\t<span class=\"wd-accordion-opener\"><\/span>\n\t\t\t\t\t<\/div>\n\n\t\t\t\t\t<div class=\"wd-accordion-content wd-entry-content\" data-accordion-index=\"4\">\n\t\t\t\t\t\t\t\t\t\t\t\t\t\n\t\t\t\t\t\t\tEvery stage of construction is closely monitored to ensure a solid, functional, and durable result.\n\t\t\t\t\t\t\t\t\t\t\t\t\t\t\t\t\t\t<\/div>\n\t\t\t\t<\/div>\n\t\t\t\t\t<\/div>\n\t\t\t\t\t\t<\/div>\n\t\t\t\t<\/div>\n\t\t\t\t<\/div>\n\t\t\t\t\t<\/div>\n\t\t\t\t<\/div>\n\t\t<div class=\"elementor-element elementor-element-db26109 wd-section-stretch e-flex e-con-boxed e-con e-parent\" data-id=\"db26109\" data-element_type=\"container\" data-e-type=\"container\" data-settings=\"{&quot;background_background&quot;:&quot;classic&quot;}\">\n\t\t\t\t\t<div class=\"e-con-inner\">\n\t\t<div class=\"elementor-element elementor-element-589f798 e-con-full e-flex e-con e-child\" data-id=\"589f798\" data-element_type=\"container\" data-e-type=\"container\">\n\t\t\t\t<div class=\"elementor-element elementor-element-6cf7e63 elementor-hidden-desktop elementor-widget elementor-widget-image\" data-id=\"6cf7e63\" data-element_type=\"widget\" data-e-type=\"widget\" data-widget_type=\"image.default\">\n\t\t\t\t\t\t\t\t\t\t\t\t\t\t\t<img loading=\"lazy\" decoding=\"async\" width=\"1024\" height=\"765\" src=\"https:\/\/barjal.com\/wp-content\/uploads\/2026\/03\/freepik__photographie-architecturale-ultra-raliste-montrant__63099-1024x765.webp\" class=\"attachment-large size-large wp-image-10268\" alt=\"\" srcset=\"https:\/\/barjal.com\/wp-content\/uploads\/2026\/03\/freepik__photographie-architecturale-ultra-raliste-montrant__63099-1024x765.webp 1024w, https:\/\/barjal.com\/wp-content\/uploads\/2026\/03\/freepik__photographie-architecturale-ultra-raliste-montrant__63099-300x224.webp 300w, https:\/\/barjal.com\/wp-content\/uploads\/2026\/03\/freepik__photographie-architecturale-ultra-raliste-montrant__63099-768x573.webp 768w, https:\/\/barjal.com\/wp-content\/uploads\/2026\/03\/freepik__photographie-architecturale-ultra-raliste-montrant__63099.webp 1200w\" sizes=\"auto, (max-width: 1024px) 100vw, 1024px\" title=\"\">\t\t\t\t\t\t\t\t\t\t\t\t\t\t\t<\/div>\n\t\t\t\t<div class=\"elementor-element elementor-element-5145835 wd-width-100 elementor-widget elementor-widget-wd_title\" data-id=\"5145835\" data-element_type=\"widget\" data-e-type=\"widget\" data-widget_type=\"wd_title.default\">\n\t\t\t\t<div class=\"elementor-widget-container\">\n\t\t\t\t\t\t\t<div class=\"title-wrapper wd-set-mb reset-last-child wd-title-color-default wd-title-style-default wd-title-size-default text-left\">\n\n\t\t\t\n\t\t\t<div class=\"liner-continer\">\n\t\t\t\t<h2 class=\"woodmart-title-container title wd-fontsize-l\">How we work<\/h2> \n\t\t\t\t\t\t\t<\/div>\n\n\t\t\t\t\t\t\t<div class=\"title-after_title reset-last-child wd-fontsize-xs\">\n\t\t\t\t\tOur values play a central role in the management of every project. We prioritize working relationships based on respect, trust, and fairness. This approach allows us to better coordinate teams, ensure more effective collaboration, and maintain a high standard of quality throughout the project.\t\t\t\t<\/div>\n\t\t\t\t\t<\/div>\n\t\t\t\t\t\t<\/div>\n\t\t\t\t<\/div>\n\t\t\t\t<\/div>\n\t\t<div class=\"elementor-element elementor-element-7d3c26f e-con-full elementor-hidden-tablet elementor-hidden-mobile e-flex e-con e-child\" data-id=\"7d3c26f\" data-element_type=\"container\" data-e-type=\"container\">\n\t\t\t\t<div class=\"elementor-element elementor-element-cd02834 elementor-widget elementor-widget-image\" data-id=\"cd02834\" data-element_type=\"widget\" data-e-type=\"widget\" data-widget_type=\"image.default\">\n\t\t\t\t\t\t\t\t\t\t\t\t\t\t\t<img loading=\"lazy\" decoding=\"async\" width=\"1024\" height=\"765\" src=\"https:\/\/barjal.com\/wp-content\/uploads\/2026\/03\/freepik__photographie-architecturale-ultra-raliste-montrant__63099-1024x765.webp\" class=\"attachment-large size-large wp-image-10268\" alt=\"\" srcset=\"https:\/\/barjal.com\/wp-content\/uploads\/2026\/03\/freepik__photographie-architecturale-ultra-raliste-montrant__63099-1024x765.webp 1024w, https:\/\/barjal.com\/wp-content\/uploads\/2026\/03\/freepik__photographie-architecturale-ultra-raliste-montrant__63099-300x224.webp 300w, https:\/\/barjal.com\/wp-content\/uploads\/2026\/03\/freepik__photographie-architecturale-ultra-raliste-montrant__63099-768x573.webp 768w, https:\/\/barjal.com\/wp-content\/uploads\/2026\/03\/freepik__photographie-architecturale-ultra-raliste-montrant__63099.webp 1200w\" sizes=\"auto, (max-width: 1024px) 100vw, 1024px\" title=\"\">\t\t\t\t\t\t\t\t\t\t\t\t\t\t\t<\/div>\n\t\t\t\t<\/div>\n\t\t\t\t\t<\/div>\n\t\t\t\t<\/div>\n\t\t<div class=\"elementor-element elementor-element-b264a45 wd-section-stretch e-flex e-con-boxed e-con e-parent\" data-id=\"b264a45\" data-element_type=\"container\" data-e-type=\"container\" data-settings=\"{&quot;background_background&quot;:&quot;classic&quot;}\">\n\t\t\t\t\t<div class=\"e-con-inner\">\n\t\t<div class=\"elementor-element elementor-element-d3f1924 e-con-full e-flex e-con e-child\" data-id=\"d3f1924\" data-element_type=\"container\" data-e-type=\"container\">\n\t\t\t\t<div class=\"elementor-element elementor-element-a44b8f0 wd-width-100 elementor-widget elementor-widget-wd_title\" data-id=\"a44b8f0\" data-element_type=\"widget\" data-e-type=\"widget\" data-widget_type=\"wd_title.default\">\n\t\t\t\t<div class=\"elementor-widget-container\">\n\t\t\t\t\t\t\t<div class=\"title-wrapper wd-set-mb reset-last-child wd-title-color-default wd-title-style-default wd-title-size-default text-left\">\n\n\t\t\t\n\t\t\t<div class=\"liner-continer\">\n\t\t\t\t<h3 class=\"woodmart-title-container title wd-fontsize-l\">Let's talk about your project<\/h3> \n\t\t\t\t\t\t\t<\/div>\n\n\t\t\t\t\t\t\t<div class=\"title-after_title reset-last-child wd-fontsize-xs\">\n\t\t\t\t\tOur team supports you with a structured approach, precise coordination, and a consistent commitment to quality.\t\t\t\t<\/div>\n\t\t\t\t\t<\/div>\n\t\t\t\t\t\t<\/div>\n\t\t\t\t<\/div>\n\t\t\t\t<div class=\"elementor-element elementor-element-47d4711 elementor-align-left elementor-widget elementor-widget-button\" data-id=\"47d4711\" data-element_type=\"widget\" data-e-type=\"widget\" data-widget_type=\"button.default\">\n\t\t\t\t\t\t\t\t\t\t<a class=\"elementor-button elementor-button-link elementor-size-sm\" href=\"\/en\/contact\/\">\n\t\t\t\t\t\t<span class=\"elementor-button-content-wrapper\">\n\t\t\t\t\t\t\t\t\t<span class=\"elementor-button-text\">Get started on your project<\/span>\n\t\t\t\t\t<\/span>\n\t\t\t\t\t<\/a>\n\t\t\t\t\t\t\t\t<\/div>\n\t\t\t\t<\/div>\n\t\t\t\t\t<\/div>\n\t\t\t\t<\/div>\n\t\t\t\t<\/div>","protected":false},"excerpt":{"rendered":"<p>Des travaux ex\u00e9cut\u00e9s avec pr\u00e9cision pour garantir des espaces durables, fonctionnels et de haute qualit\u00e9. Construction g\u00e9n\u00e9rale Si votre projet<\/p>","protected":false},"author":1,"featured_media":0,"parent":0,"menu_order":0,"comment_status":"closed","ping_status":"closed","template":"","meta":{"footnotes":""},"class_list":["post-10108","page","type-page","status-publish","hentry"],"_links":{"self":[{"href":"https:\/\/barjal.com\/en\/wp-json\/wp\/v2\/pages\/10108","targetHints":{"allow":["GET"]}}],"collection":[{"href":"https:\/\/barjal.com\/en\/wp-json\/wp\/v2\/pages"}],"about":[{"href":"https:\/\/barjal.com\/en\/wp-json\/wp\/v2\/types\/page"}],"author":[{"embeddable":true,"href":"https:\/\/barjal.com\/en\/wp-json\/wp\/v2\/users\/1"}],"replies":[{"embeddable":true,"href":"https:\/\/barjal.com\/en\/wp-json\/wp\/v2\/comments?post=10108"}],"version-history":[{"count":25,"href":"https:\/\/barjal.com\/en\/wp-json\/wp\/v2\/pages\/10108\/revisions"}],"predecessor-version":[{"id":10898,"href":"https:\/\/barjal.com\/en\/wp-json\/wp\/v2\/pages\/10108\/revisions\/10898"}],"wp:attachment":[{"href":"https:\/\/barjal.com\/en\/wp-json\/wp\/v2\/media?parent=10108"}],"curies":[{"name":"wp","href":"https:\/\/api.w.org\/{rel}","templated":true}]}}